{"id":114,"date":"2019-06-19T20:51:56","date_gmt":"2019-06-19T20:51:56","guid":{"rendered":"http:\/\/internal.ap-accounting.uk\/?page_id=114"},"modified":"2021-03-02T17:27:54","modified_gmt":"2021-03-02T17:27:54","slug":"prowadzenie-firmy-ltd-przez-polskich-rezydentow","status":"publish","type":"page","link":"https:\/\/www.ap-accounting.uk\/index.php\/prowadzenie-firmy-ltd-przez-polskich-rezydentow\/","title":{"rendered":"Prowadzenie firmy LTD przez polskich rezydent\u00f3w"},"content":{"rendered":"<h2>Chcesz wr\u00f3ci\u0107 do Polski, jednak nadal chcesz wsp\u00f3\u0142pracowa\u0107 z firm\u0105 z zagranicy? Mo\u017ce prowadzisz Self Employeed lub masz w\u0142asna firm\u0119 LTD?<\/h2>\n<p>Wiele os\u00f3b uwa\u017ca, \u017ce wraz z opuszczeniem Wielkiej Brytanii sprawy z HMRC zostaj\u0105 zamkni\u0119te, poniewa\u017c stajemy si\u0119 polskim rezydentem podatkowym.<\/p>\n<p>Czy wiesz o tym, \u017ce mo\u017cna prowadzi\u0107 firm\u0119 w UK i jednocze\u015bnie korzysta\u0107 z brytyjskiego systemu podatkowego bed\u0105c rezydentem podatkowym w Polsce.<\/p>\n<p>Cz\u0119sto okazuje si\u0119, \u017ce dezycja o zamkni\u0119ciu wszystkich spraw w UK i wyje\u017adzie mo\u017ce by\u0107 podj\u0119ta zbyt pochopnie. Przed wyjazdem warto r\u00f3wnie\u017c sprawdzi\u0107 liczb\u0119 lat sk\u0142adkowych zakwalifikowanych do emerytury.<\/p>\n<p>Co do zasady pensje, p\u0142ace i inne podobne wynagrodzenia, kt\u00f3re osoba maj\u0105ca miejsce zamieszkania w Polsce otrzymuje za prac\u0119 najemn\u0105, podlegaj\u0105 opodatkowaniu tylko w Polsce, chyba \u017ce praca wykonywana jest w Wielkiej Brytanii. Je\u017celi praca jest tam wykonywana, to otrzymywane za ni\u0105 wynagrodzenie mo\u017ce by\u0107 opodatkowane w Wielkiej Brytanii.<\/p>\n<h2><strong>Zatrudnienie za granic\u0105<\/strong><\/h2>\n<p>Co do zasady pensje, p\u0142ace i inne podobne wynagrodzenia, kt\u00f3re osoba maj\u0105ca miejsce zamieszkania w Polsce otrzymuje za prac\u0119 najemn\u0105, podlegaj\u0105 opodatkowaniu tylko w Polsce, chyba \u017ce praca wykonywana jest w Wielkiej Brytanii. Je\u017celi praca jest tam wykonywana, to otrzymywane za ni\u0105 wynagrodzenie mo\u017ce by\u0107 opodatkowane w Wielkiej Brytanii.<\/p>\n<h6><strong>Praca wykonywana w UK<\/strong><\/h6>\n<p>Dochody z pracy najemnej <strong>wykonywanej<\/strong> w Wielkiej Brytanii &#8211; rozlicza si\u0119 w Polsce\u00a0 stosuj\u0105c metod\u0119 odliczenia proporcjonalnego. Po zako\u0144czony roku podatkowym, nale\u017cy z\u0142o\u017cy\u0107 PIT-36 wraz z za\u0142\u0105cznikiem PIT\/ZG w terminie od 15 lutego do ko\u0144ca kwietnia 2021 roku.<\/p>\n<h6>Praca zdalna<\/h6>\n<p>Z pozoru idealne rozwi\u0105zanie \u2013 \u017cyjemy w Polsce za pensje z UK. Niestety nic bardziej mylnego.<\/p>\n<p>Dochody uzyskiwane od pracodawcy brytyjskiego ze zdalnie \u015bwiadczonej pracy na terytorium Polski podlegaj\u0105 opodatkowaniu w Polsce. podatnik ma\u00a0obowi\u0105zek samodzielnego wp\u0142acania w\u00a0ci\u0105gu roku, za poszczeg\u00f3lne miesi\u0105ce, zaliczek na podatek, stosuj\u0105c najni\u017csz\u0105 stawk\u0119 skali podatkowej, tj.\u00a017%\u00a0(bez\u00a0kwoty zmniejszaj\u0105cej podatek)<em>.<\/em> Przy obliczaniu zaliczki\u00a0mo\u017cna\u00a0stosowa\u0107 te\u017c wy\u017csz\u0105 stawk\u0119 okre\u015blon\u0105 w skali \u00a0tj. 32%. Po zako\u0144czonym roku sk\u0142ada si\u0119 PIT-36 bez za\u0142\u0105cznika PIT\/ZG. Dodatkowo, nale\u017cy samodzielnie obliczy\u0107 i op\u0142aci\u0107 sk\u0142adki ZUS w swoim imieniu i pracodwacy.<\/p>\n<p>W rezultacie jest to do\u015b\u0107 kosztowne i skomplikowane rozwi\u0105zanie, kt\u00f3re nie jest zazwyczaj akceptowane przez pracodawce.<\/p>\n<h2><strong>Dzia\u0142alno\u015b\u0107 gospodarcza w Polsce<\/strong><\/h2>\n<p>Prowadzenie dzia\u0142ano\u015bci w Polsce mo\u017ce by\u0107 dobrym rozwi\u0105zaniem. W takim przypadku mamy obowi\u0105zek odprowadza\u0107 sk\u0142adki i p\u0142aci\u0107 podatki zgodnie ze skal\u0105 podatkow\u0105 w Polsce, od dochodu uzyskanego na podstawie wystawionych faktur.<\/p>\n<h2><strong>Sp\u00f3\u0142ka LTD<\/strong><\/h2>\n<p>Dobrym rozwi\u0105zaniem jest za\u0142o\u017cenie sp\u00f3\u0142ki LTD i kontyuwanie swojej dzia\u0142alno\u015bci. Sp\u00f3\u0142k\u0119 tak\u0105 mo\u017ce za\u0142o\u017cy\u0107 ka\u017cdy i nie musi by\u0107 nawet rezydentem w UK, wi\u0119c jest to idealne rozwi\u0105zanie dla os\u00f3b powracaj\u0105cych do ojczyzny.<\/p>\n<p>Systetem w UK czy Irlanii jest du\u017co bardziej \u0142askawy od fiskusa.<\/p>\n<p>Prowadz\u0105c firm\u0119, mo\u017cna rozliczy\u0107 koszty, a doch\u00f3d nale\u017cy do firmy. Nie ma potrzeby odprowadzania sk\u0142adek ZUS, a w Polsce rozliczamy si\u0119 jedynie z zadeklarowanego dochodu.<\/p>\n<p>Oczywi\u015bcie ka\u017cd\u0105 sytuacj\u0119 nale\u017cy rozwa\u017ca\u0107 indywidualnie i w zale\u017cno\u015bci od potrzeb mo\u017cna poszczeg\u00f3lne rozwi\u0105zania \u0142\u0105czy\u0107.<\/p>\n<p>Masz pytania? Zapraszamy do kontaktu.<\/p>\n<p>&nbsp;<\/p>\n","protected":false},"excerpt":{"rendered":"<p>Chcesz wr\u00f3ci\u0107 do Polski, jednak nadal chcesz wsp\u00f3\u0142pracowa\u0107 z firm\u0105 z zagranicy? Mo\u017ce prowadzisz Self Employeed lub masz w\u0142asna firm\u0119 LTD? Wiele os\u00f3b uwa\u017ca, \u017ce wraz z opuszczeniem Wielkiej Brytanii sprawy z HMRC zostaj\u0105 zamkni\u0119te, poniewa\u017c stajemy si\u0119 polskim rezydentem podatkowym. Czy wiesz o tym, \u017ce mo\u017cna prowadzi\u0107 firm\u0119 w UK i jednocze\u015bnie korzysta\u0107 z &hellip; <\/p>\n<p class=\"link-more\"><a href=\"https:\/\/www.ap-accounting.uk\/index.php\/prowadzenie-firmy-ltd-przez-polskich-rezydentow\/\" class=\"more-link\">Continue reading<span class=\"screen-reader-text\"> &#8220;Prowadzenie firmy LTD przez polskich rezydent\u00f3w&#8221;<\/span><\/a><\/p>\n","protected":false},"author":1,"featured_media":0,"parent":0,"menu_order":0,"comment_status":"closed","ping_status":"closed","template":"","meta":{"footnotes":""},"class_list":["post-114","page","type-page","status-publish","hentry"],"_links":{"self":[{"href":"https:\/\/www.ap-accounting.uk\/index.php\/wp-json\/wp\/v2\/pages\/114"}],"collection":[{"href":"https:\/\/www.ap-accounting.uk\/index.php\/wp-json\/wp\/v2\/pages"}],"about":[{"href":"https:\/\/www.ap-accounting.uk\/index.php\/wp-json\/wp\/v2\/types\/page"}],"author":[{"embeddable":true,"href":"https:\/\/www.ap-accounting.uk\/index.php\/wp-json\/wp\/v2\/users\/1"}],"replies":[{"embeddable":true,"href":"https:\/\/www.ap-accounting.uk\/index.php\/wp-json\/wp\/v2\/comments?post=114"}],"version-history":[{"count":3,"href":"https:\/\/www.ap-accounting.uk\/index.php\/wp-json\/wp\/v2\/pages\/114\/revisions"}],"predecessor-version":[{"id":175,"href":"https:\/\/www.ap-accounting.uk\/index.php\/wp-json\/wp\/v2\/pages\/114\/revisions\/175"}],"wp:attachment":[{"href":"https:\/\/www.ap-accounting.uk\/index.php\/wp-json\/wp\/v2\/media?parent=114"}],"curies":[{"name":"wp","href":"https:\/\/api.w.org\/{rel}","templated":true}]}}